{"id":22999,"date":"2023-07-14T16:31:53","date_gmt":"2023-07-14T15:31:53","guid":{"rendered":"https:\/\/peresempio.com\/green-impact\/"},"modified":"2023-11-27T13:08:28","modified_gmt":"2023-11-27T12:08:28","slug":"green-impact","status":"publish","type":"page","link":"https:\/\/peresempio.com\/en\/green-impact\/","title":{"rendered":"Green impact"},"content":{"rendered":"<div class=\"wpb-content-wrapper\">[vc_row thb_full_width=&#8221;true&#8221; thb_row_padding=&#8221;true&#8221; thb_column_padding=&#8221;true&#8221; thb_divider_position=&#8221;bottom&#8221; caption=&#8221;&#8221; caption_style=&#8221;style1&#8243; retina=&#8221;&#8221; ignore_lazyload=&#8221;thb-ignore-lazyload&#8221; full_width=&#8221;true&#8221; animation=&#8221;&#8221; alignment=&#8221;alignleft&#8221; lightbox=&#8221;&#8221; max_width=&#8221;size_100&#8243; img_size=&#8221;full&#8221; extra_class=&#8221;titled-img&#8221; image=&#8221;&#8221; img_link=&#8221;&#8221; gallery_id=&#8221;&#8221;][vc_column]\t<div id=\"thb-image-69d259fadbc76\" class=\"caption-style1  alignleft full titled-img thb_image_link wp-caption\">\n\t\t\t<div class=\"thb-image-inner size_100\">\n\t\t\t<img loading=\"lazy\" decoding=\"async\" width=\"1920\" height=\"720\" src=\"https:\/\/peresempio.com\/wp-content\/uploads\/2023\/11\/green.jpg\" class=\"thb_image   thb-ignore-lazyload attachment-full\" alt=\"\" title=\"green\" srcset=\"https:\/\/peresempio.com\/wp-content\/uploads\/2023\/11\/green.jpg 1920w, https:\/\/peresempio.com\/wp-content\/uploads\/2023\/11\/green-640x240.jpg 640w, https:\/\/peresempio.com\/wp-content\/uploads\/2023\/11\/green-320x120.jpg 320w, https:\/\/peresempio.com\/wp-content\/uploads\/2023\/11\/green-1280x480.jpg 1280w, https:\/\/peresempio.com\/wp-content\/uploads\/2023\/11\/green-20x8.jpg 20w\" sizes=\"auto, (max-width: 1920px) 100vw, 1920px\" \/>\n\t\t<\/div>\n\t\t\t\t\t<div class=\"thb-image-content\">\n\t\t\n<h1>Green impact<\/h1>\n\t\t<\/div>\n\t\t\t<\/div>\n\t[\/vc_column][\/vc_row][vc_row thb_divider_position=&#8221;bottom&#8221;][vc_column][vc_column_text]Le conseguenze della crisi climatica sono ogni giorno pi\u00f9 evidenti. I nostri progetti e il nostro modo di operare, in linea con gli <a href=\"https:\/\/peresempio.com\/en\/sustainable-development-goals-sdgs\/\">obiettivi di sviluppo sostenibile<\/a> dell\u2019ONU, sono orientati anche alla lotta contro in cambiamento climatico.<\/p>\n<p>Al fine di promuovere la sostenibilit\u00e0 ambientale e consapevoli di quanto i comportamenti dei singoli, quelli delle istituzioni, delle imprese e delle organizzazioni come la nostra siano fondamentali per contrastare i cambiamenti climatici in atto, stiamo lavorando a una policy che riassumer\u00e0 il modus operandi che stiamo adottando per procedere verso una progressiva adesione a pi\u00f9 alti livelli di sostenibilit\u00e0 per tutti i nostri eventi e i nostri interventi.[\/vc_column_text][\/vc_column][\/vc_row]\n<\/div>","protected":false},"excerpt":{"rendered":"<p>[vc_row thb_full_width=&#8221;true&#8221; thb_row_padding=&#8221;true&#8221; thb_column_padding=&#8221;true&#8221; thb_divider_position=&#8221;bottom&#8221; caption=&#8221;&#8221; caption_style=&#8221;style1&#8243; retina=&#8221;&#8221; ignore_lazyload=&#8221;thb-ignore-lazyload&#8221; full_width=&#8221;true&#8221; animation=&#8221;&#8221; alignment=&#8221;alignleft&#8221; lightbox=&#8221;&#8221; max_width=&#8221;size_100&#8243; img_size=&#8221;full&#8221; extra_class=&#8221;titled-img&#8221; image=&#8221;&#8221; img_link=&#8221;&#8221; gallery_id=&#8221;&#8221;][vc_column][\/vc_column][\/vc_row][vc_row thb_divider_position=&#8221;bottom&#8221;][vc_column][vc_column_text]Le conseguenze della crisi climatica sono ogni giorno pi\u00f9 evidenti. I nostri progetti e il nostro modo di operare, in linea con gli obiettivi di sviluppo sostenibile dell\u2019ONU, sono orientati anche alla lotta contro in cambiamento&hellip;<\/p>\n","protected":false},"author":1,"featured_media":0,"parent":0,"menu_order":0,"comment_status":"closed","ping_status":"closed","template":"","meta":{"footnotes":""},"class_list":["post-22999","page","type-page","status-publish","hentry"],"yoast_head":"<!-- This site is optimized with the Yoast SEO plugin v27.3 - https:\/\/yoast.com\/product\/yoast-seo-wordpress\/ -->\n<title>Green impact - Per Esempio<\/title>\n<meta name=\"robots\" content=\"index, follow, max-snippet:-1, max-image-preview:large, max-video-preview:-1\" \/>\n<link rel=\"canonical\" href=\"https:\/\/peresempio.com\/en\/green-impact\/\" \/>\n<meta property=\"og:locale\" content=\"en_US\" \/>\n<meta property=\"og:type\" content=\"article\" \/>\n<meta property=\"og:title\" content=\"Green impact - Per Esempio\" \/>\n<meta property=\"og:description\" content=\"[vc_row thb_full_width=&#8221;true&#8221; thb_row_padding=&#8221;true&#8221; thb_column_padding=&#8221;true&#8221; thb_divider_position=&#8221;bottom&#8221; caption=&#8221;&#8221; caption_style=&#8221;style1&#8243; retina=&#8221;&#8221; ignore_lazyload=&#8221;thb-ignore-lazyload&#8221; full_width=&#8221;true&#8221; animation=&#8221;&#8221; alignment=&#8221;alignleft&#8221; lightbox=&#8221;&#8221; max_width=&#8221;size_100&#8243; img_size=&#8221;full&#8221; extra_class=&#8221;titled-img&#8221; image=&#8221;&#8221; img_link=&#8221;&#8221; gallery_id=&#8221;&#8221;][vc_column][\/vc_column][\/vc_row][vc_row thb_divider_position=&#8221;bottom&#8221;][vc_column][vc_column_text]Le conseguenze della crisi climatica sono ogni giorno pi\u00f9 evidenti. I nostri progetti e il nostro modo di operare, in linea con gli obiettivi di sviluppo sostenibile dell\u2019ONU, sono orientati anche alla lotta contro in cambiamento&hellip;\" \/>\n<meta property=\"og:url\" content=\"https:\/\/peresempio.com\/en\/green-impact\/\" \/>\n<meta property=\"og:site_name\" content=\"Per Esempio\" \/>\n<meta property=\"article:publisher\" content=\"https:\/\/www.facebook.com\/peresempionlus\" \/>\n<meta property=\"article:modified_time\" content=\"2023-11-27T12:08:28+00:00\" \/>\n<meta name=\"twitter:card\" content=\"summary_large_image\" \/>\n<meta name=\"twitter:site\" content=\"@peresempionlus\" \/>\n<meta name=\"twitter:label1\" content=\"Est. reading time\" \/>\n\t<meta name=\"twitter:data1\" content=\"1 minute\" \/>\n<script type=\"application\/ld+json\" class=\"yoast-schema-graph\">{\"@context\":\"https:\\\/\\\/schema.org\",\"@graph\":[{\"@type\":\"WebPage\",\"@id\":\"https:\\\/\\\/peresempio.com\\\/en\\\/green-impact\\\/\",\"url\":\"https:\\\/\\\/peresempio.com\\\/en\\\/green-impact\\\/\",\"name\":\"Green impact - Per Esempio\",\"isPartOf\":{\"@id\":\"https:\\\/\\\/peresempio.com\\\/en\\\/#website\"},\"datePublished\":\"2023-07-14T15:31:53+00:00\",\"dateModified\":\"2023-11-27T12:08:28+00:00\",\"breadcrumb\":{\"@id\":\"https:\\\/\\\/peresempio.com\\\/en\\\/green-impact\\\/#breadcrumb\"},\"inLanguage\":\"en-US\",\"potentialAction\":[{\"@type\":\"ReadAction\",\"target\":[\"https:\\\/\\\/peresempio.com\\\/en\\\/green-impact\\\/\"]}]},{\"@type\":\"BreadcrumbList\",\"@id\":\"https:\\\/\\\/peresempio.com\\\/en\\\/green-impact\\\/#breadcrumb\",\"itemListElement\":[{\"@type\":\"ListItem\",\"position\":1,\"name\":\"Home\",\"item\":\"https:\\\/\\\/peresempio.com\\\/en\\\/\"},{\"@type\":\"ListItem\",\"position\":2,\"name\":\"Green impact\"}]},{\"@type\":\"WebSite\",\"@id\":\"https:\\\/\\\/peresempio.com\\\/en\\\/#website\",\"url\":\"https:\\\/\\\/peresempio.com\\\/en\\\/\",\"name\":\"Per Esempio\",\"description\":\"\",\"publisher\":{\"@id\":\"https:\\\/\\\/peresempio.com\\\/en\\\/#organization\"},\"potentialAction\":[{\"@type\":\"SearchAction\",\"target\":{\"@type\":\"EntryPoint\",\"urlTemplate\":\"https:\\\/\\\/peresempio.com\\\/en\\\/?s={search_term_string}\"},\"query-input\":{\"@type\":\"PropertyValueSpecification\",\"valueRequired\":true,\"valueName\":\"search_term_string\"}}],\"inLanguage\":\"en-US\"},{\"@type\":\"Organization\",\"@id\":\"https:\\\/\\\/peresempio.com\\\/en\\\/#organization\",\"name\":\"Per Esempio\",\"url\":\"https:\\\/\\\/peresempio.com\\\/en\\\/\",\"logo\":{\"@type\":\"ImageObject\",\"inLanguage\":\"en-US\",\"@id\":\"https:\\\/\\\/peresempio.com\\\/en\\\/#\\\/schema\\\/logo\\\/image\\\/\",\"url\":\"https:\\\/\\\/peresempio.com\\\/wp-content\\\/uploads\\\/2022\\\/11\\\/logo-colori-1.png\",\"contentUrl\":\"https:\\\/\\\/peresempio.com\\\/wp-content\\\/uploads\\\/2022\\\/11\\\/logo-colori-1.png\",\"width\":3559,\"height\":983,\"caption\":\"Per Esempio\"},\"image\":{\"@id\":\"https:\\\/\\\/peresempio.com\\\/en\\\/#\\\/schema\\\/logo\\\/image\\\/\"},\"sameAs\":[\"https:\\\/\\\/www.facebook.com\\\/peresempionlus\",\"https:\\\/\\\/x.com\\\/peresempionlus\",\"https:\\\/\\\/www.instagram.com\\\/peresempionlus\\\/\",\"https:\\\/\\\/www.youtube.com\\\/user\\\/peresempionlus\",\"https:\\\/\\\/linkedin.com\\\/company\\\/per-esempio-onlus\"]}]}<\/script>\n<!-- \/ Yoast SEO plugin. -->","yoast_head_json":{"title":"Green impact - Per Esempio","robots":{"index":"index","follow":"follow","max-snippet":"max-snippet:-1","max-image-preview":"max-image-preview:large","max-video-preview":"max-video-preview:-1"},"canonical":"https:\/\/peresempio.com\/en\/green-impact\/","og_locale":"en_US","og_type":"article","og_title":"Green impact - Per Esempio","og_description":"[vc_row thb_full_width=&#8221;true&#8221; thb_row_padding=&#8221;true&#8221; thb_column_padding=&#8221;true&#8221; thb_divider_position=&#8221;bottom&#8221; caption=&#8221;&#8221; caption_style=&#8221;style1&#8243; retina=&#8221;&#8221; ignore_lazyload=&#8221;thb-ignore-lazyload&#8221; full_width=&#8221;true&#8221; animation=&#8221;&#8221; alignment=&#8221;alignleft&#8221; lightbox=&#8221;&#8221; max_width=&#8221;size_100&#8243; img_size=&#8221;full&#8221; extra_class=&#8221;titled-img&#8221; image=&#8221;&#8221; img_link=&#8221;&#8221; gallery_id=&#8221;&#8221;][vc_column][\/vc_column][\/vc_row][vc_row thb_divider_position=&#8221;bottom&#8221;][vc_column][vc_column_text]Le conseguenze della crisi climatica sono ogni giorno pi\u00f9 evidenti. I nostri progetti e il nostro modo di operare, in linea con gli obiettivi di sviluppo sostenibile dell\u2019ONU, sono orientati anche alla lotta contro in cambiamento&hellip;","og_url":"https:\/\/peresempio.com\/en\/green-impact\/","og_site_name":"Per Esempio","article_publisher":"https:\/\/www.facebook.com\/peresempionlus","article_modified_time":"2023-11-27T12:08:28+00:00","twitter_card":"summary_large_image","twitter_site":"@peresempionlus","twitter_misc":{"Est. reading time":"1 minute"},"schema":{"@context":"https:\/\/schema.org","@graph":[{"@type":"WebPage","@id":"https:\/\/peresempio.com\/en\/green-impact\/","url":"https:\/\/peresempio.com\/en\/green-impact\/","name":"Green impact - Per Esempio","isPartOf":{"@id":"https:\/\/peresempio.com\/en\/#website"},"datePublished":"2023-07-14T15:31:53+00:00","dateModified":"2023-11-27T12:08:28+00:00","breadcrumb":{"@id":"https:\/\/peresempio.com\/en\/green-impact\/#breadcrumb"},"inLanguage":"en-US","potentialAction":[{"@type":"ReadAction","target":["https:\/\/peresempio.com\/en\/green-impact\/"]}]},{"@type":"BreadcrumbList","@id":"https:\/\/peresempio.com\/en\/green-impact\/#breadcrumb","itemListElement":[{"@type":"ListItem","position":1,"name":"Home","item":"https:\/\/peresempio.com\/en\/"},{"@type":"ListItem","position":2,"name":"Green impact"}]},{"@type":"WebSite","@id":"https:\/\/peresempio.com\/en\/#website","url":"https:\/\/peresempio.com\/en\/","name":"Per Esempio","description":"","publisher":{"@id":"https:\/\/peresempio.com\/en\/#organization"},"potentialAction":[{"@type":"SearchAction","target":{"@type":"EntryPoint","urlTemplate":"https:\/\/peresempio.com\/en\/?s={search_term_string}"},"query-input":{"@type":"PropertyValueSpecification","valueRequired":true,"valueName":"search_term_string"}}],"inLanguage":"en-US"},{"@type":"Organization","@id":"https:\/\/peresempio.com\/en\/#organization","name":"Per Esempio","url":"https:\/\/peresempio.com\/en\/","logo":{"@type":"ImageObject","inLanguage":"en-US","@id":"https:\/\/peresempio.com\/en\/#\/schema\/logo\/image\/","url":"https:\/\/peresempio.com\/wp-content\/uploads\/2022\/11\/logo-colori-1.png","contentUrl":"https:\/\/peresempio.com\/wp-content\/uploads\/2022\/11\/logo-colori-1.png","width":3559,"height":983,"caption":"Per Esempio"},"image":{"@id":"https:\/\/peresempio.com\/en\/#\/schema\/logo\/image\/"},"sameAs":["https:\/\/www.facebook.com\/peresempionlus","https:\/\/x.com\/peresempionlus","https:\/\/www.instagram.com\/peresempionlus\/","https:\/\/www.youtube.com\/user\/peresempionlus","https:\/\/linkedin.com\/company\/per-esempio-onlus"]}]}},"_links":{"self":[{"href":"https:\/\/peresempio.com\/en\/wp-json\/wp\/v2\/pages\/22999","targetHints":{"allow":["GET"]}}],"collection":[{"href":"https:\/\/peresempio.com\/en\/wp-json\/wp\/v2\/pages"}],"about":[{"href":"https:\/\/peresempio.com\/en\/wp-json\/wp\/v2\/types\/page"}],"author":[{"embeddable":true,"href":"https:\/\/peresempio.com\/en\/wp-json\/wp\/v2\/users\/1"}],"replies":[{"embeddable":true,"href":"https:\/\/peresempio.com\/en\/wp-json\/wp\/v2\/comments?post=22999"}],"version-history":[{"count":3,"href":"https:\/\/peresempio.com\/en\/wp-json\/wp\/v2\/pages\/22999\/revisions"}],"predecessor-version":[{"id":24775,"href":"https:\/\/peresempio.com\/en\/wp-json\/wp\/v2\/pages\/22999\/revisions\/24775"}],"wp:attachment":[{"href":"https:\/\/peresempio.com\/en\/wp-json\/wp\/v2\/media?parent=22999"}],"curies":[{"name":"wp","href":"https:\/\/api.w.org\/{rel}","templated":true}]}}