{"id":25491,"date":"2026-02-03T13:53:04","date_gmt":"2026-02-03T12:53:04","guid":{"rendered":"https:\/\/peresempio.com\/?page_id=25491"},"modified":"2026-02-03T13:53:04","modified_gmt":"2026-02-03T12:53:04","slug":"privacy-policy-2","status":"publish","type":"page","link":"https:\/\/peresempio.com\/en\/privacy-policy-2\/","title":{"rendered":"Privacy Policy"},"content":{"rendered":"<div class=\"wpb-content-wrapper\">[vc_row thb_divider_position=&#8221;bottom&#8221;][vc_column][vc_column_text css=&#8221;&#8221;]\n<h1>Privacy Policy<\/h1>\n<h2>PREMESSA<\/h2>\n<p>Il Titolare del trattamento dei dati personali<br \/>\nAi sensi dell\u2019art. 13 del Regolamento UE 2016\/679 (GDPR), Per Esempio, con sede in Palermo, piazzetta Sette Fate, 9, codice fiscale 972 65890828, \u00e8 il Titolare del trattamento dei Suoi dati personali. Il Titolare La informa che i dati da Lei forniti in relazione ai rapporti giuridici in essere (utente\/interessato) saranno oggetto di trattamento nel rispetto della sopra menzionata normativa. Detto trattamento avverr\u00e0 in modo lecito e secondo i principi di cui all\u2019art. 5 del Regolamento UE 2016\/679. Ulteriori comunicazioni potranno essere rese note in un momento successivo, anche verbalmente. Non \u00e8 stato nominato il Responsabile della protezione dei dati personali.<\/p>\n<p>Dati oggetto del trattamento<br \/>\nL\u2019art. 4 del Regolamento UE 2016\/679 definisce \u00abdato personale\u00bb qualsiasi informazione riguardante una persona fisica identificata o identificabile (\u00abinteressato\u00bb); si considera identificabile la persona fisica che pu\u00f2 essere identificata, direttamente o indirettamente, con particolare riferimento a un identificativo come il nome, un numero di identificazione, dati relativi all\u2019ubicazione, un identificativo online o a uno o pi\u00f9 elementi caratteristici della sua identit\u00e0 fisica, fisiologica, genetica, psichica, economica, culturale o sociale.<\/p>\n<p>Per \u00abtrattamento di dati personali\u00bb deve intendersi qualsiasi operazione o insieme di operazioni, compiute con o senza l\u2019ausilio di processi automatizzati e applicate a dati personali o insiemi di dati personali, come la raccolta, la registrazione, l\u2019organizzazione, la strutturazione, la conservazione, l\u2019adattamento o la modifica, l\u2019estrazione, la consultazione, l\u2019uso, la comunicazione mediante trasmissione, diffusione o qualsiasi altra forma di messa a disposizione, il raffronto o l\u2019interconnessione, la limitazione, la cancellazione o la distruzione. Nello specifico si tratta di dati da Lei conferiti volontariamente per l\u2019esecuzione dei rapporti giuridici in essere con il Titolare del trattamento dei dati personali:<\/p>\n<p>Dati relativi a persone fisiche: nome e cognome di persone fisiche, recapiti quale indirizzo di residenza, cap, citt\u00e0, provincia telefono, email;<br \/>\nDati relativi a nominativi di Liberi Professionisti\/Societ\u00e0\/attivit\u00e0 commerciali: dati relativi ad attivit\u00e0 economiche e commerciali; nominativo, domicilio fiscale o altri elementi di identificazione (ragione sociale, indirizzo sede legale, indirizzo sede operativa, numero di telefono, di fax o di posta elettronica, codice fiscale o partita iva).<br \/>\nA ci\u00f2 si aggiungono i dati di navigazione, i sistemi informatici e le procedure software preposte al funzionamento di questo sito web, che potrebbero acquisire, nel corso del loro normale esercizio, i suoi dati personali, la cui trasmissione \u00e8 implicita nell&#8217;uso dei protocolli di comunicazione di Internet. Si tratta, comunque, di informazioni che non sono raccolte per essere associate a interessati identificati, ma che per loro stessa natura potrebbero, attraverso elaborazioni ed associazioni con dati detenuti da terzi, permettere di identificare gli utenti. In questa categoria di dati rientrano gli indirizzi IP o i nomi a dominio dei computer utilizzati dagli utenti che si connettono al sito, gli indirizzi in notazione URI (Uniform Resource Identifier) delle risorse richieste, l&#8217;orario della richiesta, il metodo utilizzato nel sottoporre la richiesta al server, la dimensione del file ottenuto in risposta, il codice numerico indicante lo stato della risposta data dal server (buon fine, errore, etc.) ed altri parametri relativi al sistema operativo e all&#8217;ambiente informatico dell&#8217;utente. Questi dati vengono utilizzati al solo fine di ricavare informazioni statistiche anonime sull&#8217;uso del sito e per controllarne il corretto funzionamento e vengono cancellati immediatamente dopo l&#8217;elaborazione. I dati potrebbero essere utilizzati per l&#8217;accertamento di responsabilit\u00e0 in caso di ipotetici reati informatici ai danni del sito o di richieste da parte delle autorit\u00e0.<\/p>\n<p>Finalit\u00e0 del trattamento<br \/>\nPrevio Suo specifico consenso, le finalit\u00e0 del trattamento dei Suoi dati personali sono le seguenti:<\/p>\n<p>gestione dei rapporti giuridici in essere e\/o futuri;<br \/>\nadempimenti legati agli obblighi derivanti dai rapporti giuridici di cui sopra;<br \/>\ngestione organizzativa di qualsivoglia rapporto giuridico in essere o in fase di definizione;<br \/>\nassoluzione degli obblighi normativi, contabili e\/o fiscali;<br \/>\ntutela dei diritti contrattuali;<br \/>\nfinalit\u00e0 funzionali allo svolgimento di analisi statistiche;<br \/>\nattivit\u00e0 di marketing sociale, raccolta fondi e di comunicazione istituzionale via email e cartacea inerenti i servizi prestati.<br \/>\nTrattamento di categorie particolari di dati personali<br \/>\nSi ricorda che \u00e8 vietato trattare dati personali che rivelino l\u2019origine razziale o etnica, le opinioni politiche, le convinzioni religiose o filosofiche, o l\u2019appartenenza sindacale, nonch\u00e9 trattare dati genetici, dati biometrici intesi a identificare in modo univoco una persona fisica, dati relativi alla salute o alla vita sessuale o all\u2019orientamento sessuale della persona.<\/p>\n<p>Tuttavia il suddetto divieto non si applica, tra le altre ipotesi, qualora il trattamento sia effettuato, nell\u2019ambito delle sue legittime attivit\u00e0 e con adeguate garanzie, da una fondazione, associazione o altro organismo senza scopo di lucro che persegua finalit\u00e0 politiche, filosofiche, religiose o sindacali, a condizione che il trattamento riguardi unicamente i membri, gli ex membri o le persone che hanno regolari contatti con la fondazione, l\u2019associazione o l\u2019organismo a motivo delle sue finalit\u00e0 e che i dati personali non siano comunicati all\u2019esterno senza il consenso dell\u2019interessato.<\/p>\n<p>Nei precedenti casi, si proceder\u00e0 alla richiesta di consenso specifico al trattamento dei dati.<\/p>\n<p>Durata del trattamento<br \/>\nI dati personali relativi alle finalit\u00e0 1, 2, 3, 4, 5 e 6, saranno conservati per tutto il tempo necessario a consentire l\u2019esecuzione dei servizi offerti dal Titolare e per un massimo di 10 (dieci) anni. Trascorso questo periodo di tempo i dati saranno distrutti.<\/p>\n<p>I dati trattati per finalit\u00e0 amministrativo contabili saranno comunque conservati, nel rispetto degli obblighi di legge, per un periodo di tempo non superiore a 10 (dieci) anni.<\/p>\n<p>I dati conferiti per finalit\u00e0 di cui al punto 7 saranno trattati limitatamente ad un massimo di 10 (dieci) anni.<\/p>\n<p>\u00c8 possibile revocare il consenso a tale trattamento in qualsiasi momento.<\/p>\n<p>Natura del conferimento dei dati<br \/>\nIl consenso al trattamento dei dati \u00e8 obbligatorio in relazione alle finalit\u00e0 1 \u2013 6, ossia per adempiere agli obblighi di natura giuridica riguardo ad un rapporto instaurato e per ogni altra finalit\u00e0 connessa a obblighi di legge, regolamenti e normative comunitarie; il rifiuto alla comunicazione dei dati, impedir\u00e0 al Titolare di adempiere tali obblighi e di conseguenza l&#8217;impossibilit\u00e0 di fornirLe i servizi e\/o le prestazioni da Lei richieste. L\u2019invio di comunicazioni per la finalit\u00e0 di cui al punto 7, avverr\u00e0 mediante posta elettronica o cartacea. L\u2019interessato potr\u00e0 esercitare in qualsiasi momento i diritti di cui all\u2019art. 7, par. 3, ed agli artt. 15 e ss. del Regolamento UE 2016\/679 ovvero la cessazione di tali comunicazioni, anche manifestando la volont\u00e0 di ricevere comunicazioni esclusivamente attraverso altre modalit\u00e0 di contatto, ove previste.<\/p>\n<p>Il conferimento dei Suoi dati ed il consenso al trattamento per le finalit\u00e0 di cui al punto 7, sono del tutto facoltativi.<\/p>\n<p>Il mancato conferimento al trattamento dei Suoi dati personali per le finalit\u00e0 sopra indicate comporter\u00e0 l\u2019impossibilit\u00e0 di svolgere attivit\u00e0 relative a: invio di newsletter mediante posta cartacea\/elettronica relative alla promozione delle attivit\u00e0 istituzionali.<\/p>\n<p>Modalit\u00e0 di trattamento dei dati<br \/>\nI dati saranno trattati e archiviati esclusivamente per le finalit\u00e0 sopra indicate mediante l\u2019utilizzo di supporti sia cartacei, informatici, inseriti in pertinenti banche dati e trattati con strumenti idonei a garantire l\u2019integrit\u00e0, la sicurezza e la riservatezza dei dati stessi, in conformit\u00e0 con quanto stabilito dal Regolamento UE 2016\/679. Saranno adottate tutte le misure tecniche ed organizzative adeguate a garantire un livello di protezione dei dati conforme alle previsioni del Regolamento UE 2016\/679. L\u2019accesso sar\u00e0 consentito alle sole persone autorizzate per iscritto al trattamento dei dati personali. I dati potranno essere comunicati e\/o raccolti anche a\/da terze parti (come nei casi di acquisizione di dati da centri di elaborazione o da altre Societ\u00e0). Le stesse saranno opportunamente designate Responsabili del trattamento dei dati personali e saranno coinvolte negli adempimenti richiesti dal rapporto giuridico in essere, nonch\u00e9 da specifici obblighi di legge.<\/p>\n<p>Piattaforme sociali<br \/>\nIl sito web potrebbe offrire porte di accesso a servizi e piattaforme c.d. Social Network. I termini di utilizzo e le politiche sulla Privacy applicabili a ciascuno di tali mezzi di comunicazione sociale, pubblicate sui rispettivi siti, regolano l&#8217;informazione fornita. Per Esempio ETS non esegue alcuna forma di controllo sull&#8217;utilizzo di informazioni personali comunicate in un forum pubblico, un&#8217;area di commento, una bacheca, rendendo l&#8217;utilizzatore l&#8217;unico responsabile di qualsiasi divulgazione.<\/p>\n<p>Cookies<br \/>\nAi sensi del provvedimento del Garante della privacy 8 maggio 2014, n. 229, si individuano due macro-categorie di cookies: \u201cTecnici&#8221; e &#8220;di Profilazione&#8221;.<\/p>\n<p>Cookies Tecnici<br \/>\nI cookies tecnici sono utilizzati al solo fine di effettuare la trasmissione di una comunicazione su una rete di comunicazione elettronica, o nella misura strettamente necessaria al fornitore di un servizio della societ\u00e0 dell&#8217;informazione esplicitamente richiesto dall&#8217;abbonato o dall&#8217;utente a erogare tale servizio. Essi non vengono utilizzati per scopi ulteriori e sono normalmente installati direttamente dal titolare o gestore del sito web. Possono essere suddivisi in (i) cookies di navigazione o di sessione, che garantiscono la normale navigazione e fruizione del sito web (permettendo, ad esempio, di realizzare un acquisto o autenticarsi per accedere ad aree riservate); (ii) cookies analytics, assimilati ai cookie tecnici laddove utilizzati direttamente dal gestore del sito per raccogliere informazioni, in forma aggregata, sul numero degli utenti e su come questi visitano il sito stesso; (iii) cookies di funzionalit\u00e0, che permettono all&#8217;utente la navigazione in funzione di una serie di criteri selezionati (ad esempio, la lingua, i prodotti selezionati per l&#8217;acquisto) al fine di migliorare il servizio reso allo stesso. Per l&#8217;installazione di tali cookie non \u00e8 richiesto il preventivo consenso degli utenti, mentre resta fermo l&#8217;obbligo di fornire le informazioni di cui all\u2019art. 13 del Regolamento UE 2016\/679.<\/p>\n<p>Cookies di profilazione<br \/>\nI cookies di profilazione sono volti a creare profili relativi all&#8217;utente e vengono utilizzati al fine di inviare messaggi pubblicitari in linea con le preferenze manifestate dallo stesso nell&#8217;ambito della navigazione in rete. In ragione della particolare invasivit\u00e0 che tali dispositivi possono avere nell&#8217;ambito della sfera privata degli utenti, l&#8217;utente deve essere adeguatamente informato sull&#8217;uso degli stessi ed esprimere cos\u00ec il proprio valido consenso.<\/p>\n<p>Ogni dominio, o sua porzione, che viene visitata col browser pu\u00f2 impostare dei cookies. Poich\u00e9 una tipica pagina Internet, ad esempio quella di un giornale in rete, contiene oggetti che provengono da molti domini diversi e ognuno di essi pu\u00f2 impostare cookies, \u00e8 normale ospitare nel proprio browser molte centinaia di cookies. Lo scopo \u00e8 quello di registrare, ma anche, talvolta, tracciare le informazioni relative all\u2019esperienza d\u2019uso, passando da una pagina all\u2019altra del sito mantenendo l\u2019utente autenticato, salvare delle preferenze utente gi\u00e0 inserite (username, password ecc), tracciare i gusti e le preferenze dell\u2019utente permettendo di poter gestire la presenza o meno di iniziative di marketing mirate. Qualora venissero poste delle limitazioni al loro utilizzo, questo avr\u00e0 sicuramente effetti sullo stato dell\u2019utente durante la consultazione. Il blocco o la rimozione di essi della cache del browser potrebbero causare un\u2019incompleta fruizione dei servizi offerti dall\u2019applicativo web.<\/p>\n<p>Il sito web potrebbe offrire porte di accesso a servizi e piattaforme c.d. Social Network. I termini di utilizzo e le politiche sulla Privacy applicabili a ciascuno di tali mezzi di comunicazione sociale, pubblicate sui rispettivi siti, regolano l&#8217;informazione fornita. Per Esempio non esegue alcuna forma di controllo sull&#8217;utilizzo di informazioni personali comunicate in un forum pubblico, un&#8217;area di commento, una bacheca, rendendo l&#8217;utilizzatore l&#8217;unico responsabile di qualsiasi divulgazione.<\/p>\n<p>Comunicazione a terzi e\/o diffusione dei dati<br \/>\nPer le finalit\u00e0 di cui ai numeri da 1 a 7, l\u2019Organizzazione La informa che i Suoi dati potrebbero essere comunicati a soggetti esterni, designati per iscritto, qualora ci\u00f2 si renda necessario per adempiere ad un obbligo previsto dalla legge, per eseguire obblighi derivanti da un contratto del quale Lei \u00e8\/sar\u00e0 parte, nonch\u00e9 per adempiere, prima della conclusione del contratto, a Sue specifiche richieste.<\/p>\n<p>I destinatari delle comunicazioni dei dati personali dell\u2019interessato sono individuabili anche nelle seguenti categorie di destinatari:<\/p>\n<p>Organismi di vigilanza, autorit\u00e0 giudiziarie, enti, professionisti, societ\u00e0, pubbliche amministrazioni o altre strutture designate per l\u2019esecuzione di trattamenti connessi all\u2019adempimento degli obblighi amministrativi, contabili e gestionali legati all\u2019ordinario svolgimento dell\u2019attivit\u00e0 economica del Titolare (obblighi legali);<br \/>\nbanche, istituti finanziari, liberi professionisti, studi professionali e consulenti ai quali la comunicazione dei suddetti dati si renda necessaria per lo svolgimento dell\u2019attivit\u00e0 del Titolare e, in particolare, in relazione all\u2019assolvimento degli obblighi contrattuali assunti nei confronti dell\u2019interessato (obblighi contrattuali);<br \/>\nI dati raccolti non verranno in alcun modo diffusi.<\/p>\n<p>Intenzione di trasferimento dei dati all\u2019estero<br \/>\nI dati saranno trasmessi esclusivamente in Italia e nell\u2019ambito dell\u2019Unione Europea.<\/p>\n<p>Diritti di cui al Regolamento UE 2016\/679<br \/>\nL\u2019interessato pu\u00f2, in qualsiasi momento, esercitare i diritti di cui all\u2019art. 7, par. 3, ed agli artt. 15 e ss. del Regolamento UE 2016\/679:<\/p>\n<p>diritto di accesso ai dati personali;<br \/>\ndiritto di ottenere la rettifica o la cancellazione degli stessi o la limitazione del trattamento;<br \/>\ndiritto di opporsi al trattamento;<br \/>\ndiritto alla portabilit\u00e0 dei dati;<br \/>\ndiritto di revocare il consenso, ove previsto (la revoca del consenso non pregiudica la liceit\u00e0 del trattamento basata sul consenso conferito prima della revoca);<br \/>\ndiritto di proporre reclamo all&#8217;autorit\u00e0 di controllo (Garante Privacy).<br \/>\nL\u2019esercizio dei suddetti diritti potr\u00e0 avvenire attraverso l\u2019invio di una comunicazione a Per Esempio, con sede in Piazzetta Sette Fate, 9, 90134, Palermo, Italia, mediante posta elettronica all\u2019indirizzo info@peresempio.com.<\/p>\n<p>L\u2019interessato dichiara di essere stato informato circa i diritti previsti dall\u2019art. 7, par. 3, e dagli artt. 15 e ss. Ulteriori informazioni relative al trattamento dei dati personali potranno essere comunicate anche verbalmente al momento della raccolta dati.<\/p>\n<p>Il Titolare[\/vc_column_text][\/vc_column][\/vc_row]\n<\/div>","protected":false},"excerpt":{"rendered":"<p>[vc_row thb_divider_position=&#8221;bottom&#8221;][vc_column][vc_column_text css=&#8221;&#8221;] Privacy Policy PREMESSA Il Titolare del trattamento dei dati personali Ai sensi dell\u2019art. 13 del Regolamento UE 2016\/679 (GDPR), Per Esempio, con sede in Palermo, piazzetta Sette Fate, 9, codice fiscale 972 65890828, \u00e8 il Titolare del trattamento dei Suoi dati personali. Il Titolare La informa che i dati da Lei forniti&hellip;<\/p>\n","protected":false},"author":1,"featured_media":0,"parent":0,"menu_order":0,"comment_status":"closed","ping_status":"closed","template":"","meta":{"footnotes":""},"class_list":["post-25491","page","type-page","status-publish","hentry"],"yoast_head":"<!-- This site is optimized with the Yoast SEO plugin v27.3 - https:\/\/yoast.com\/product\/yoast-seo-wordpress\/ -->\n<title>Privacy Policy - Per Esempio<\/title>\n<meta name=\"robots\" content=\"index, follow, max-snippet:-1, max-image-preview:large, max-video-preview:-1\" \/>\n<link rel=\"canonical\" href=\"https:\/\/peresempio.com\/en\/privacy-policy-2\/\" \/>\n<meta property=\"og:locale\" content=\"en_US\" \/>\n<meta property=\"og:type\" content=\"article\" \/>\n<meta property=\"og:title\" content=\"Privacy Policy - Per Esempio\" \/>\n<meta property=\"og:description\" content=\"[vc_row thb_divider_position=&#8221;bottom&#8221;][vc_column][vc_column_text css=&#8221;&#8221;] Privacy Policy PREMESSA Il Titolare del trattamento dei dati personali Ai sensi dell\u2019art. 13 del Regolamento UE 2016\/679 (GDPR), Per Esempio, con sede in Palermo, piazzetta Sette Fate, 9, codice fiscale 972 65890828, \u00e8 il Titolare del trattamento dei Suoi dati personali. Il Titolare La informa che i dati da Lei forniti&hellip;\" \/>\n<meta property=\"og:url\" content=\"https:\/\/peresempio.com\/en\/privacy-policy-2\/\" \/>\n<meta property=\"og:site_name\" content=\"Per Esempio\" \/>\n<meta property=\"article:publisher\" content=\"https:\/\/www.facebook.com\/peresempionlus\" \/>\n<meta name=\"twitter:card\" content=\"summary_large_image\" \/>\n<meta name=\"twitter:site\" content=\"@peresempionlus\" \/>\n<meta name=\"twitter:label1\" content=\"Est. reading time\" \/>\n\t<meta name=\"twitter:data1\" content=\"12 minutes\" \/>\n<script type=\"application\/ld+json\" class=\"yoast-schema-graph\">{\"@context\":\"https:\\\/\\\/schema.org\",\"@graph\":[{\"@type\":\"WebPage\",\"@id\":\"https:\\\/\\\/peresempio.com\\\/en\\\/privacy-policy-2\\\/\",\"url\":\"https:\\\/\\\/peresempio.com\\\/en\\\/privacy-policy-2\\\/\",\"name\":\"Privacy Policy - Per Esempio\",\"isPartOf\":{\"@id\":\"https:\\\/\\\/peresempio.com\\\/en\\\/#website\"},\"datePublished\":\"2026-02-03T12:53:04+00:00\",\"breadcrumb\":{\"@id\":\"https:\\\/\\\/peresempio.com\\\/en\\\/privacy-policy-2\\\/#breadcrumb\"},\"inLanguage\":\"en-US\",\"potentialAction\":[{\"@type\":\"ReadAction\",\"target\":[\"https:\\\/\\\/peresempio.com\\\/en\\\/privacy-policy-2\\\/\"]}]},{\"@type\":\"BreadcrumbList\",\"@id\":\"https:\\\/\\\/peresempio.com\\\/en\\\/privacy-policy-2\\\/#breadcrumb\",\"itemListElement\":[{\"@type\":\"ListItem\",\"position\":1,\"name\":\"Home\",\"item\":\"https:\\\/\\\/peresempio.com\\\/en\\\/\"},{\"@type\":\"ListItem\",\"position\":2,\"name\":\"Privacy Policy\"}]},{\"@type\":\"WebSite\",\"@id\":\"https:\\\/\\\/peresempio.com\\\/en\\\/#website\",\"url\":\"https:\\\/\\\/peresempio.com\\\/en\\\/\",\"name\":\"Per Esempio\",\"description\":\"\",\"publisher\":{\"@id\":\"https:\\\/\\\/peresempio.com\\\/en\\\/#organization\"},\"potentialAction\":[{\"@type\":\"SearchAction\",\"target\":{\"@type\":\"EntryPoint\",\"urlTemplate\":\"https:\\\/\\\/peresempio.com\\\/en\\\/?s={search_term_string}\"},\"query-input\":{\"@type\":\"PropertyValueSpecification\",\"valueRequired\":true,\"valueName\":\"search_term_string\"}}],\"inLanguage\":\"en-US\"},{\"@type\":\"Organization\",\"@id\":\"https:\\\/\\\/peresempio.com\\\/en\\\/#organization\",\"name\":\"Per Esempio\",\"url\":\"https:\\\/\\\/peresempio.com\\\/en\\\/\",\"logo\":{\"@type\":\"ImageObject\",\"inLanguage\":\"en-US\",\"@id\":\"https:\\\/\\\/peresempio.com\\\/en\\\/#\\\/schema\\\/logo\\\/image\\\/\",\"url\":\"https:\\\/\\\/peresempio.com\\\/wp-content\\\/uploads\\\/2022\\\/11\\\/logo-colori-1.png\",\"contentUrl\":\"https:\\\/\\\/peresempio.com\\\/wp-content\\\/uploads\\\/2022\\\/11\\\/logo-colori-1.png\",\"width\":3559,\"height\":983,\"caption\":\"Per Esempio\"},\"image\":{\"@id\":\"https:\\\/\\\/peresempio.com\\\/en\\\/#\\\/schema\\\/logo\\\/image\\\/\"},\"sameAs\":[\"https:\\\/\\\/www.facebook.com\\\/peresempionlus\",\"https:\\\/\\\/x.com\\\/peresempionlus\",\"https:\\\/\\\/www.instagram.com\\\/peresempionlus\\\/\",\"https:\\\/\\\/www.youtube.com\\\/user\\\/peresempionlus\",\"https:\\\/\\\/linkedin.com\\\/company\\\/per-esempio-onlus\"]}]}<\/script>\n<!-- \/ Yoast SEO plugin. -->","yoast_head_json":{"title":"Privacy Policy - Per Esempio","robots":{"index":"index","follow":"follow","max-snippet":"max-snippet:-1","max-image-preview":"max-image-preview:large","max-video-preview":"max-video-preview:-1"},"canonical":"https:\/\/peresempio.com\/en\/privacy-policy-2\/","og_locale":"en_US","og_type":"article","og_title":"Privacy Policy - Per Esempio","og_description":"[vc_row thb_divider_position=&#8221;bottom&#8221;][vc_column][vc_column_text css=&#8221;&#8221;] Privacy Policy PREMESSA Il Titolare del trattamento dei dati personali Ai sensi dell\u2019art. 13 del Regolamento UE 2016\/679 (GDPR), Per Esempio, con sede in Palermo, piazzetta Sette Fate, 9, codice fiscale 972 65890828, \u00e8 il Titolare del trattamento dei Suoi dati personali. Il Titolare La informa che i dati da Lei forniti&hellip;","og_url":"https:\/\/peresempio.com\/en\/privacy-policy-2\/","og_site_name":"Per Esempio","article_publisher":"https:\/\/www.facebook.com\/peresempionlus","twitter_card":"summary_large_image","twitter_site":"@peresempionlus","twitter_misc":{"Est. reading time":"12 minutes"},"schema":{"@context":"https:\/\/schema.org","@graph":[{"@type":"WebPage","@id":"https:\/\/peresempio.com\/en\/privacy-policy-2\/","url":"https:\/\/peresempio.com\/en\/privacy-policy-2\/","name":"Privacy Policy - Per Esempio","isPartOf":{"@id":"https:\/\/peresempio.com\/en\/#website"},"datePublished":"2026-02-03T12:53:04+00:00","breadcrumb":{"@id":"https:\/\/peresempio.com\/en\/privacy-policy-2\/#breadcrumb"},"inLanguage":"en-US","potentialAction":[{"@type":"ReadAction","target":["https:\/\/peresempio.com\/en\/privacy-policy-2\/"]}]},{"@type":"BreadcrumbList","@id":"https:\/\/peresempio.com\/en\/privacy-policy-2\/#breadcrumb","itemListElement":[{"@type":"ListItem","position":1,"name":"Home","item":"https:\/\/peresempio.com\/en\/"},{"@type":"ListItem","position":2,"name":"Privacy Policy"}]},{"@type":"WebSite","@id":"https:\/\/peresempio.com\/en\/#website","url":"https:\/\/peresempio.com\/en\/","name":"Per Esempio","description":"","publisher":{"@id":"https:\/\/peresempio.com\/en\/#organization"},"potentialAction":[{"@type":"SearchAction","target":{"@type":"EntryPoint","urlTemplate":"https:\/\/peresempio.com\/en\/?s={search_term_string}"},"query-input":{"@type":"PropertyValueSpecification","valueRequired":true,"valueName":"search_term_string"}}],"inLanguage":"en-US"},{"@type":"Organization","@id":"https:\/\/peresempio.com\/en\/#organization","name":"Per Esempio","url":"https:\/\/peresempio.com\/en\/","logo":{"@type":"ImageObject","inLanguage":"en-US","@id":"https:\/\/peresempio.com\/en\/#\/schema\/logo\/image\/","url":"https:\/\/peresempio.com\/wp-content\/uploads\/2022\/11\/logo-colori-1.png","contentUrl":"https:\/\/peresempio.com\/wp-content\/uploads\/2022\/11\/logo-colori-1.png","width":3559,"height":983,"caption":"Per Esempio"},"image":{"@id":"https:\/\/peresempio.com\/en\/#\/schema\/logo\/image\/"},"sameAs":["https:\/\/www.facebook.com\/peresempionlus","https:\/\/x.com\/peresempionlus","https:\/\/www.instagram.com\/peresempionlus\/","https:\/\/www.youtube.com\/user\/peresempionlus","https:\/\/linkedin.com\/company\/per-esempio-onlus"]}]}},"_links":{"self":[{"href":"https:\/\/peresempio.com\/en\/wp-json\/wp\/v2\/pages\/25491","targetHints":{"allow":["GET"]}}],"collection":[{"href":"https:\/\/peresempio.com\/en\/wp-json\/wp\/v2\/pages"}],"about":[{"href":"https:\/\/peresempio.com\/en\/wp-json\/wp\/v2\/types\/page"}],"author":[{"embeddable":true,"href":"https:\/\/peresempio.com\/en\/wp-json\/wp\/v2\/users\/1"}],"replies":[{"embeddable":true,"href":"https:\/\/peresempio.com\/en\/wp-json\/wp\/v2\/comments?post=25491"}],"version-history":[{"count":1,"href":"https:\/\/peresempio.com\/en\/wp-json\/wp\/v2\/pages\/25491\/revisions"}],"predecessor-version":[{"id":25500,"href":"https:\/\/peresempio.com\/en\/wp-json\/wp\/v2\/pages\/25491\/revisions\/25500"}],"wp:attachment":[{"href":"https:\/\/peresempio.com\/en\/wp-json\/wp\/v2\/media?parent=25491"}],"curies":[{"name":"wp","href":"https:\/\/api.w.org\/{rel}","templated":true}]}}